{"id":377512,"date":"2025-07-16T20:25:46","date_gmt":"2025-07-16T20:25:46","guid":{"rendered":"https:\/\/peadvisor.com\/?page_id=377512"},"modified":"2025-07-16T20:25:46","modified_gmt":"2025-07-16T20:25:46","slug":"centro-de-arbitragem","status":"publish","type":"page","link":"https:\/\/peadvisor.com\/pt-pt\/centro-de-arbitragem\/","title":{"rendered":"Centro de Arbitragem"},"content":{"rendered":"<p>[et_pb_section fb_built=&#8221;1&#8243; custom_padding_last_edited=&#8221;on|phone&#8221; admin_label=&#8221;Model Header &#8211; Grace &#8211; BG Image size:1920x589px&#8221; module_class=&#8221;grace_header_model&#8221; _builder_version=&#8221;4.19.1&#8243; _module_preset=&#8221;default&#8221; background_color=&#8221;#375B6D&#8221; background_enable_image=&#8221;off&#8221; background_blend=&#8221;multiply&#8221; z_index=&#8221;2&#8243; custom_padding=&#8221;100px||0px||false|false&#8221; custom_padding_tablet=&#8221;200px||||false|false&#8221; custom_padding_phone=&#8221;0px||||false|false&#8221; collapsed=&#8221;on&#8221; global_colors_info=&#8221;{}&#8221;][et_pb_row use_custom_gutter=&#8221;on&#8221; gutter_width=&#8221;2&#8243; admin_label=&#8221;Model Header &#8211; Grace &#8211; Row&#8221; _builder_version=&#8221;4.16&#8243; _module_preset=&#8221;default&#8221; width=&#8221;90%&#8221; max_width=&#8221;1170px&#8221; custom_padding=&#8221;30px||0px||false|false&#8221; global_colors_info=&#8221;{}&#8221;][et_pb_column type=&#8221;4_4&#8243; _builder_version=&#8221;4.16&#8243; _module_preset=&#8221;default&#8221; global_colors_info=&#8221;{}&#8221;][et_pb_code admin_label=&#8221;Model Header &#8211; Grace &#8211; Code&#8221; _builder_version=&#8221;4.16&#8243; _module_preset=&#8221;default&#8221; global_colors_info=&#8221;{}&#8221;]<\/p>\n<style><!-- [et_pb_line_break_holder] -->@media only screen and (min-width:981px) and (max-width:1389px){<!-- [et_pb_line_break_holder] -->.grace_header_model{<!-- [et_pb_line_break_holder] -->    padding-top:120px !important;<!-- [et_pb_line_break_holder] -->}<!-- [et_pb_line_break_holder] -->}<!-- [et_pb_line_break_holder] --><\/style>\n<p>[\/et_pb_code][et_pb_cta title=&#8221;Centro de Arbitragem&#8221; admin_label=&#8221;Model Header &#8211; Grace &#8211; Call To Action&#8221; _builder_version=&#8221;4.27.4&#8243; _module_preset=&#8221;default&#8221; header_font=&#8221;Noto Serif HK|300|||||||&#8221; header_text_color=&#8221;#FFFFFF&#8221; header_font_size=&#8221;45px&#8221; header_line_height=&#8221;120%&#8221; body_font=&#8221;Poppins|300||on|||||&#8221; body_text_color=&#8221;#FFFFFF&#8221; body_font_size=&#8221;20px&#8221; body_letter_spacing=&#8221;1px&#8221; body_line_height=&#8221;150%&#8221; background_color=&#8221;#2a4c5e&#8221; custom_button=&#8221;on&#8221; button_text_size=&#8221;24px&#8221; button_text_color=&#8221;#ad8b63&#8243; button_bg_color=&#8221;RGBA(0,0,0,0)&#8221; button_border_width=&#8221;0px&#8221; button_font=&#8221;Cormorant Garamond|700|on||||||&#8221; button_use_icon=&#8221;off&#8221; button_custom_margin=&#8221;||0px||false|false&#8221; button_custom_padding=&#8221;0px|0px|0px|0px|false|false&#8221; max_width=&#8221;600px&#8221; module_alignment=&#8221;right&#8221; custom_margin=&#8221;||-53px||false|false&#8221; custom_padding=&#8221;41px|20px|47px|20px|false|true&#8221; custom_padding_tablet=&#8221;30px||30px||true|false&#8221; custom_padding_phone=&#8221;30px||30px||true|false&#8221; custom_padding_last_edited=&#8221;on|desktop&#8221; hover_enabled=&#8221;0&#8243; header_font_size_tablet=&#8221;36px&#8221; header_font_size_phone=&#8221;30px&#8221; header_font_size_last_edited=&#8221;on|phone&#8221; body_font_size_tablet=&#8221;20px&#8221; body_font_size_phone=&#8221;18px&#8221; body_font_size_last_edited=&#8221;on|phone&#8221; button_text_size_tablet=&#8221;20px&#8221; button_text_size_phone=&#8221;20px&#8221; button_text_size_last_edited=&#8221;on|tablet&#8221; custom_css_main_element=&#8221;margin-left:-7px !important;&#8221; custom_css_promo_description=&#8221;font-weight:400;||padding-bottom:0px;&#8221; custom_css_promo_title=&#8221;padding-bottom:5px;||font-weight:400;&#8221; global_colors_info=&#8221;{}&#8221; button_text_color__hover=&#8221;#7e8c97&#8243; button_text_color__hover_enabled=&#8221;on|hover&#8221; button_bg_color__hover=&#8221;RGBA(0,0,0,0)&#8221; button_bg_color__hover_enabled=&#8221;on|hover&#8221; sticky_enabled=&#8221;0&#8243;][\/et_pb_cta][\/et_pb_column][\/et_pb_row][\/et_pb_section][et_pb_section fb_built=&#8221;1&#8243; custom_padding_last_edited=&#8221;on|desktop&#8221; admin_label=&#8221;Church Content &#8211; Grace&#8221; _builder_version=&#8221;4.18.0&#8243; _module_preset=&#8221;default&#8221; background_enable_color=&#8221;off&#8221; custom_margin=&#8221;||100px||false|false&#8221; custom_margin_tablet=&#8221;||30px||false|false&#8221; custom_margin_phone=&#8221;||30px||false|false&#8221; custom_margin_last_edited=&#8221;on|desktop&#8221; custom_padding=&#8221;100px||0px||false|false&#8221; custom_padding_tablet=&#8221;30px||0px||false|false&#8221; custom_padding_phone=&#8221;100px||40px||false|false&#8221; locked=&#8221;off&#8221; collapsed=&#8221;off&#8221; global_colors_info=&#8221;{}&#8221;][et_pb_row custom_padding_last_edited=&#8221;on|tablet&#8221; admin_label=&#8221;Clock Blurbs &#8211; Grace &#8211; Row&#8221; _builder_version=&#8221;4.16&#8243; _module_preset=&#8221;default&#8221; width=&#8221;90%&#8221; max_width=&#8221;1170px&#8221; custom_padding=&#8221;||3px||false|false&#8221; custom_padding_tablet=&#8221;||0px||false|false&#8221; custom_padding_phone=&#8221;||0px||false|false&#8221; locked=&#8221;off&#8221; global_colors_info=&#8221;{}&#8221;][et_pb_column type=&#8221;4_4&#8243; _builder_version=&#8221;4.16&#8243; _module_preset=&#8221;default&#8221; global_colors_info=&#8221;{}&#8221;][et_pb_text _builder_version=&#8221;4.27.4&#8243; _module_preset=&#8221;default&#8221; hover_enabled=&#8221;0&#8243; sticky_enabled=&#8221;0&#8243; text_font=&#8221;Noto Serif KR||||||||&#8221; text_font_size=&#8221;15px&#8221; text_line_height=&#8221;1.9em&#8221; link_text_color=&#8221;#000000&#8243;]<\/p>\n<p><span>Em caso de lit\u00edgio de consumo, o consumidor pode recorrer \u00e0 plataforma para a resolu\u00e7\u00e3o alternativa de lit\u00edgios, a entidade competente de Resolu\u00e7\u00e3o Alternativa de Lit\u00edgios de Consumo (RAL), estando dispon\u00edvel a lista dos Centros de Arbitragem autorizados em\u00a0<\/span><a href=\"https:\/\/dgpj.justica.gov.pt\/resolucao-de-litigios\/arbitragem\/centros-de-arbitragem-autorizados\" target=\"_blank\" rel=\"noopener\">https:\/\/dgpj.justica.gov.pt\/resolucao-de-litigios\/arbitragem\/centros-de-arbitragem-autorizados<\/a><\/p>\n<p>[\/et_pb_text][\/et_pb_column][\/et_pb_row][\/et_pb_section][et_pb_section fb_built=&#8221;1&#8243; custom_padding_last_edited=&#8221;on|tablet&#8221; admin_label=&#8221;Drive Footer &#8211; Grace&#8221; module_id=&#8221;contacts&#8221; module_class=&#8221;grace_footers_drive grace_footers_drive_construction_v2&#8243; _builder_version=&#8221;4.18.0&#8243; _module_preset=&#8221;default&#8221; background_color=&#8221;#375b6d&#8221; custom_padding=&#8221;75px||||false|false&#8221; custom_padding_tablet=&#8221;30px||0px||false|false&#8221; custom_padding_phone=&#8221;||||false|false&#8221; global_module=&#8221;377136&#8243; locked=&#8221;off&#8221; collapsed=&#8221;on&#8221; global_colors_info=&#8221;{}&#8221;][et_pb_row column_structure=&#8221;3_5,2_5&#8243; custom_padding_last_edited=&#8221;on|tablet&#8221; admin_label=&#8221;Drive Footer &#8211; Grace &#8211; Row&#8221; _builder_version=&#8221;4.16&#8243; _module_preset=&#8221;default&#8221; width=&#8221;90%&#8221; max_width=&#8221;1170px&#8221; custom_padding_tablet=&#8221;||0px||false|false&#8221; custom_padding_phone=&#8221;||0px||false|false&#8221; global_colors_info=&#8221;{}&#8221;][et_pb_column type=&#8221;3_5&#8243; _builder_version=&#8221;4.16&#8243; _module_preset=&#8221;default&#8221; global_colors_info=&#8221;{}&#8221;][et_pb_text admin_label=&#8221;Aching  Content &#8211; Grace &#8211; Text &#8211; Engineering your dreams with us&#8221; _builder_version=&#8221;4.19.1&#8243; _module_preset=&#8221;default&#8221; text_font=&#8221;Noto Serif|300||on|||||&#8221; text_text_color=&#8221;#FFFFFF&#8221; text_font_size=&#8221;15px&#8221; text_letter_spacing=&#8221;1px&#8221; text_line_height=&#8221;150%&#8221; custom_margin=&#8221;||14px||false|false&#8221; text_orientation_tablet=&#8221;&#8221; text_orientation_phone=&#8221;center&#8221; text_orientation_last_edited=&#8221;on|phone&#8221; global_colors_info=&#8221;{}&#8221;]<\/p>\n<p>Contactos<\/p>\n<p>[\/et_pb_text][et_pb_text admin_label=&#8221;Drive Footer &#8211; Grace &#8211; Text &#8211; Construction you can count on&#8221; _builder_version=&#8221;4.19.1&#8243; _module_preset=&#8221;default&#8221; text_font=&#8221;Noto Serif KR|300|||||||&#8221; text_text_color=&#8221;#ffffff&#8221; text_font_size=&#8221;34px&#8221; text_line_height=&#8221;120%&#8221; custom_margin=&#8221;||0px||false|false&#8221; text_font_size_tablet=&#8221;24px&#8221; text_font_size_phone=&#8221;30px&#8221; text_font_size_last_edited=&#8221;on|desktop&#8221; text_orientation_tablet=&#8221;&#8221; text_orientation_phone=&#8221;center&#8221; text_orientation_last_edited=&#8221;on|phone&#8221; global_colors_info=&#8221;{}&#8221;]<\/p>\n<p>Fale connosco<\/p>\n<p>[\/et_pb_text][\/et_pb_column][et_pb_column type=&#8221;2_5&#8243; _builder_version=&#8221;4.16&#8243; _module_preset=&#8221;default&#8221; global_colors_info=&#8221;{}&#8221;][\/et_pb_column][\/et_pb_row][et_pb_row column_structure=&#8221;1_2,1_2&#8243; admin_label=&#8221;Drive Footer &#8211; Grace &#8211; Row&#8221; _builder_version=&#8221;4.16&#8243; _module_preset=&#8221;default&#8221; width=&#8221;90%&#8221; max_width=&#8221;1170px&#8221; global_colors_info=&#8221;{}&#8221; body_link_text_color__hover=&#8221;#fafafa&#8221; body_link_text_color__hover_enabled=&#8221;on|hover&#8221;][et_pb_column type=&#8221;1_2&#8243; _builder_version=&#8221;4.16&#8243; _module_preset=&#8221;default&#8221; global_colors_info=&#8221;{}&#8221;][et_pb_blurb title=&#8221;Contactos&#8221; content_max_width=&#8221;100%&#8221; content_tablet=&#8221;&#8221; content_phone=&#8221;<\/p>\n<p><span style=%22color: #ffffff;%22>Email Us:<\/span><\/p>\n<p><span style=%22color: #ffffff;%22><a href=%22mailto:srocha@peadvisor.com%22 data-et-target-link=%22_blank%22 rel=%22noopener noreferrer%22 style=%22color: #ffffff;%22>srocha@peadvisor.com<\/a><\/span><\/p>\n<p><span style=%22color: #ffffff;%22>Call Us:<\/span><\/p>\n<p><span style=%22color: #ffffff;%22><a href=%22tel:962788660%22 data-et-target-link=%22_blank%22 rel=%22noopener noreferrer%22 style=%22color: #ffffff;%22>+351 962 788 660<\/a> | <a href=%22tel:849505835%22 data-et-target-link=%22_blank%22 rel=%22noopener noreferrer%22 style=%22color: #ffffff;%22>+258 849 505 835<\/a><\/span><\/p>\n<p>&#8221; content_last_edited=&#8221;on|desktop&#8221; admin_label=&#8221;Drive Footer &#8211; Grace &#8211; Contact&#8221; _builder_version=&#8221;4.27.4&#8243; _module_preset=&#8221;default&#8221; header_font=&#8221;Noto Serif KR|300||on|||||&#8221; header_text_color=&#8221;#ffffff&#8221; header_font_size=&#8221;15px&#8221; header_letter_spacing=&#8221;1px&#8221; header_line_height=&#8221;120%&#8221; body_font=&#8221;Noto Serif KR|200|||||||&#8221; body_text_color=&#8221;#ffffff&#8221; body_line_height=&#8221;20px&#8221; body_link_font=&#8221;Barlow||||||||&#8221; body_link_text_color=&#8221;#999999&#8243; body_link_font_size=&#8221;16px&#8221; header_text_align_tablet=&#8221;&#8221; header_text_align_phone=&#8221;center&#8221; header_text_align_last_edited=&#8221;on|phone&#8221; body_text_align_tablet=&#8221;&#8221; body_text_align_phone=&#8221;center&#8221; body_text_align_last_edited=&#8221;on|phone&#8221; global_colors_info=&#8221;{}&#8221; body_link_text_color__hover_enabled=&#8221;on|desktop&#8221; body_link_text_color__hover=&#8221;#d7b994&#8243;]<\/p>\n<p><span style=\"color: #ffffff;\">Email:\u00a0<\/span><\/p>\n<p><span style=\"color: #ffffff;\"><a href=\"mailto:srocha@peadvisor.com\" target=\"_blank\" rel=\"noopener noreferrer\" style=\"color: #ffffff;\">srocha@peadvisor.com<\/a><\/span><\/p>\n<p><span style=\"color: #ffffff;\">Telefone:<\/span><\/p>\n<p><span style=\"color: #ffffff;\"><a href=\"tel:849505835\" target=\"_blank\" rel=\"noopener noreferrer\" style=\"color: #ffffff;\">+258 849 505 835<\/a><a href=\"tel:962788660\" target=\"_blank\" rel=\"noopener noreferrer\" style=\"color: #ffffff;\"> (Chamada para rede fixa nacional)<br \/>+351\u00a0962 788 660<\/a>\u00a0<\/span> <span style=\"color: #ffffff;\">(Chamada para rede m\u00f3vel nacional)<\/span><\/p>\n<p>[\/et_pb_blurb][\/et_pb_column][et_pb_column type=&#8221;1_2&#8243; _builder_version=&#8221;4.16&#8243; _module_preset=&#8221;default&#8221; global_colors_info=&#8221;{}&#8221;][et_pb_blurb title=&#8221;Morada&#8221; content_max_width=&#8221;100%&#8221; admin_label=&#8221;Drive Footer &#8211; Grace &#8211; Address&#8221; _builder_version=&#8221;4.19.1&#8243; _module_preset=&#8221;default&#8221; header_font=&#8221;Noto Serif KR|300||on|||||&#8221; header_text_color=&#8221;#ffffff&#8221; header_font_size=&#8221;15px&#8221; header_letter_spacing=&#8221;1px&#8221; header_line_height=&#8221;120%&#8221; body_font=&#8221;Noto Serif KR|200|||||||&#8221; body_text_color=&#8221;#ffffff&#8221; body_font_size=&#8221;15px&#8221; body_line_height=&#8221;25px&#8221; body_link_font=&#8221;Barlow||||||||&#8221; body_link_text_color=&#8221;#999999&#8243; body_link_font_size=&#8221;16px&#8221; header_text_align_tablet=&#8221;&#8221; header_text_align_phone=&#8221;center&#8221; header_text_align_last_edited=&#8221;on|phone&#8221; body_text_align_tablet=&#8221;&#8221; body_text_align_phone=&#8221;center&#8221; body_text_align_last_edited=&#8221;on|phone&#8221; global_colors_info=&#8221;{}&#8221; body_link_text_color__hover_enabled=&#8221;on|desktop&#8221; body_link_text_color__hover=&#8221;#d7b994&#8243;]<\/p>\n<p><span>Rua Beijo da Mulata, n\u00ba 188<br \/>Maputo, Mo\u00e7ambique<\/span><\/p>\n<p>[\/et_pb_blurb][\/et_pb_column][\/et_pb_row][et_pb_row admin_label=&#8221;Drive Footer &#8211; Grace &#8211; Row&#8221; _builder_version=&#8221;4.16&#8243; _module_preset=&#8221;default&#8221; width=&#8221;90%&#8221; max_width=&#8221;1170px&#8221; border_width_top=&#8221;1px&#8221; border_color_top=&#8221;#FFFFFF&#8221; global_colors_info=&#8221;{}&#8221;][et_pb_column type=&#8221;4_4&#8243; _builder_version=&#8221;4.16&#8243; _module_preset=&#8221;default&#8221; global_colors_info=&#8221;{}&#8221;][et_pb_text admin_label=&#8221;Drive Footer &#8211; Grace &#8211; Copyright \u00a9&#8221; _builder_version=&#8221;4.19.2&#8243; _module_preset=&#8221;default&#8221; text_font=&#8221;Noto Serif KR|200|||||||&#8221; text_text_color=&#8221;#ffffff&#8221; text_orientation=&#8221;right&#8221; text_orientation_tablet=&#8221;right&#8221; text_orientation_phone=&#8221;center&#8221; text_orientation_last_edited=&#8221;on|phone&#8221; global_colors_info=&#8221;{}&#8221;]<\/p>\n<p><span>SR| PE Advisory | Todos os direitos reservados<\/span><br \/><span>Design e desenvolvimento por\u00a0<strong><a href=\"https:\/\/bestsites.pt\/\" target=\"_blank\" rel=\"noopener\">Bestsites.pt<\/a><\/strong><\/span><\/p>\n<p>[\/et_pb_text][\/et_pb_column][\/et_pb_row][\/et_pb_section]<\/p>\n","protected":false},"excerpt":{"rendered":"<p>Em caso de lit\u00edgio de consumo, o consumidor pode recorrer \u00e0 plataforma para a resolu\u00e7\u00e3o alternativa de lit\u00edgios, a entidade competente de Resolu\u00e7\u00e3o Alternativa de Lit\u00edgios de Consumo (RAL), estando dispon\u00edvel a lista dos Centros de Arbitragem autorizados em\u00a0https:\/\/dgpj.justica.gov.pt\/resolucao-de-litigios\/arbitragem\/centros-de-arbitragem-autorizadosContactosFale connoscoEmail:\u00a0 srocha@peadvisor.com Telefone: +258 849 505 835 (Chamada para rede fixa nacional)+351\u00a0962 788 660\u00a0 (Chamada para [&hellip;]<\/p>\n","protected":false},"author":1,"featured_media":0,"parent":0,"menu_order":0,"comment_status":"closed","ping_status":"closed","template":"","meta":{"_et_pb_use_builder":"on","_et_pb_old_content":"","_et_gb_content_width":"","footnotes":""},"class_list":["post-377512","page","type-page","status-publish","hentry"],"yoast_head":"<!-- This site is optimized with the Yoast SEO plugin v25.5 - https:\/\/yoast.com\/wordpress\/plugins\/seo\/ -->\n<title>Centro de Arbitragem - peadvisor.com<\/title>\n<meta name=\"description\" content=\"Founded in 2018, SR Private Equity Advisory is an advisory boutique focused on Private Equity Transactions and Financial Advisory Services in Mozambique.\" \/>\n<meta name=\"robots\" content=\"index, follow, max-snippet:-1, max-image-preview:large, max-video-preview:-1\" \/>\n<link rel=\"canonical\" href=\"https:\/\/peadvisor.com\/pt-pt\/centro-de-arbitragem\/\" \/>\n<meta property=\"og:locale\" content=\"pt_PT\" \/>\n<meta property=\"og:type\" content=\"article\" \/>\n<meta property=\"og:title\" content=\"Centro de Arbitragem - peadvisor.com\" \/>\n<meta property=\"og:description\" content=\"Founded in 2018, SR Private Equity Advisory is an advisory boutique focused on Private Equity Transactions and Financial Advisory Services in Mozambique.\" \/>\n<meta property=\"og:url\" content=\"https:\/\/peadvisor.com\/pt-pt\/centro-de-arbitragem\/\" \/>\n<meta property=\"og:site_name\" content=\"peadvisor.com\" \/>\n<meta name=\"twitter:card\" content=\"summary_large_image\" \/>\n<meta name=\"twitter:label1\" content=\"Tempo estimado de leitura\" \/>\n\t<meta name=\"twitter:data1\" content=\"7 minutos\" \/>\n<script type=\"application\/ld+json\" class=\"yoast-schema-graph\">{\"@context\":\"https:\/\/schema.org\",\"@graph\":[{\"@type\":\"WebPage\",\"@id\":\"https:\/\/peadvisor.com\/pt-pt\/centro-de-arbitragem\/\",\"url\":\"https:\/\/peadvisor.com\/pt-pt\/centro-de-arbitragem\/\",\"name\":\"Centro de Arbitragem - peadvisor.com\",\"isPartOf\":{\"@id\":\"https:\/\/peadvisor.com\/#website\"},\"datePublished\":\"2025-07-16T20:25:46+00:00\",\"description\":\"Founded in 2018, SR Private Equity Advisory is an advisory boutique focused on Private Equity Transactions and Financial Advisory Services in Mozambique.\",\"breadcrumb\":{\"@id\":\"https:\/\/peadvisor.com\/pt-pt\/centro-de-arbitragem\/#breadcrumb\"},\"inLanguage\":\"pt-PT\",\"potentialAction\":[{\"@type\":\"ReadAction\",\"target\":[\"https:\/\/peadvisor.com\/pt-pt\/centro-de-arbitragem\/\"]}]},{\"@type\":\"BreadcrumbList\",\"@id\":\"https:\/\/peadvisor.com\/pt-pt\/centro-de-arbitragem\/#breadcrumb\",\"itemListElement\":[{\"@type\":\"ListItem\",\"position\":1,\"name\":\"Home\",\"item\":\"https:\/\/peadvisor.com\/pt-pt\/\"},{\"@type\":\"ListItem\",\"position\":2,\"name\":\"Centro de Arbitragem\"}]},{\"@type\":\"WebSite\",\"@id\":\"https:\/\/peadvisor.com\/#website\",\"url\":\"https:\/\/peadvisor.com\/\",\"name\":\"peadvisor.com\",\"description\":\"PRIVATE EQUITY ADVISORY\",\"publisher\":{\"@id\":\"https:\/\/peadvisor.com\/#organization\"},\"potentialAction\":[{\"@type\":\"SearchAction\",\"target\":{\"@type\":\"EntryPoint\",\"urlTemplate\":\"https:\/\/peadvisor.com\/?s={search_term_string}\"},\"query-input\":{\"@type\":\"PropertyValueSpecification\",\"valueRequired\":true,\"valueName\":\"search_term_string\"}}],\"inLanguage\":\"pt-PT\"},{\"@type\":\"Organization\",\"@id\":\"https:\/\/peadvisor.com\/#organization\",\"name\":\"peadvisor.com\",\"url\":\"https:\/\/peadvisor.com\/\",\"logo\":{\"@type\":\"ImageObject\",\"inLanguage\":\"pt-PT\",\"@id\":\"https:\/\/peadvisor.com\/#\/schema\/logo\/image\/\",\"url\":\"https:\/\/peadvisor.com\/wp-content\/uploads\/2022\/11\/pea21.png\",\"contentUrl\":\"https:\/\/peadvisor.com\/wp-content\/uploads\/2022\/11\/pea21.png\",\"width\":500,\"height\":155,\"caption\":\"peadvisor.com\"},\"image\":{\"@id\":\"https:\/\/peadvisor.com\/#\/schema\/logo\/image\/\"}}]}<\/script>\n<!-- \/ Yoast SEO plugin. -->","yoast_head_json":{"title":"Centro de Arbitragem - peadvisor.com","description":"Founded in 2018, SR Private Equity Advisory is an advisory boutique focused on Private Equity Transactions and Financial Advisory Services in Mozambique.","robots":{"index":"index","follow":"follow","max-snippet":"max-snippet:-1","max-image-preview":"max-image-preview:large","max-video-preview":"max-video-preview:-1"},"canonical":"https:\/\/peadvisor.com\/pt-pt\/centro-de-arbitragem\/","og_locale":"pt_PT","og_type":"article","og_title":"Centro de Arbitragem - peadvisor.com","og_description":"Founded in 2018, SR Private Equity Advisory is an advisory boutique focused on Private Equity Transactions and Financial Advisory Services in Mozambique.","og_url":"https:\/\/peadvisor.com\/pt-pt\/centro-de-arbitragem\/","og_site_name":"peadvisor.com","twitter_card":"summary_large_image","twitter_misc":{"Tempo estimado de leitura":"7 minutos"},"schema":{"@context":"https:\/\/schema.org","@graph":[{"@type":"WebPage","@id":"https:\/\/peadvisor.com\/pt-pt\/centro-de-arbitragem\/","url":"https:\/\/peadvisor.com\/pt-pt\/centro-de-arbitragem\/","name":"Centro de Arbitragem - peadvisor.com","isPartOf":{"@id":"https:\/\/peadvisor.com\/#website"},"datePublished":"2025-07-16T20:25:46+00:00","description":"Founded in 2018, SR Private Equity Advisory is an advisory boutique focused on Private Equity Transactions and Financial Advisory Services in Mozambique.","breadcrumb":{"@id":"https:\/\/peadvisor.com\/pt-pt\/centro-de-arbitragem\/#breadcrumb"},"inLanguage":"pt-PT","potentialAction":[{"@type":"ReadAction","target":["https:\/\/peadvisor.com\/pt-pt\/centro-de-arbitragem\/"]}]},{"@type":"BreadcrumbList","@id":"https:\/\/peadvisor.com\/pt-pt\/centro-de-arbitragem\/#breadcrumb","itemListElement":[{"@type":"ListItem","position":1,"name":"Home","item":"https:\/\/peadvisor.com\/pt-pt\/"},{"@type":"ListItem","position":2,"name":"Centro de Arbitragem"}]},{"@type":"WebSite","@id":"https:\/\/peadvisor.com\/#website","url":"https:\/\/peadvisor.com\/","name":"peadvisor.com","description":"PRIVATE EQUITY ADVISORY","publisher":{"@id":"https:\/\/peadvisor.com\/#organization"},"potentialAction":[{"@type":"SearchAction","target":{"@type":"EntryPoint","urlTemplate":"https:\/\/peadvisor.com\/?s={search_term_string}"},"query-input":{"@type":"PropertyValueSpecification","valueRequired":true,"valueName":"search_term_string"}}],"inLanguage":"pt-PT"},{"@type":"Organization","@id":"https:\/\/peadvisor.com\/#organization","name":"peadvisor.com","url":"https:\/\/peadvisor.com\/","logo":{"@type":"ImageObject","inLanguage":"pt-PT","@id":"https:\/\/peadvisor.com\/#\/schema\/logo\/image\/","url":"https:\/\/peadvisor.com\/wp-content\/uploads\/2022\/11\/pea21.png","contentUrl":"https:\/\/peadvisor.com\/wp-content\/uploads\/2022\/11\/pea21.png","width":500,"height":155,"caption":"peadvisor.com"},"image":{"@id":"https:\/\/peadvisor.com\/#\/schema\/logo\/image\/"}}]}},"_links":{"self":[{"href":"https:\/\/peadvisor.com\/pt-pt\/wp-json\/wp\/v2\/pages\/377512","targetHints":{"allow":["GET"]}}],"collection":[{"href":"https:\/\/peadvisor.com\/pt-pt\/wp-json\/wp\/v2\/pages"}],"about":[{"href":"https:\/\/peadvisor.com\/pt-pt\/wp-json\/wp\/v2\/types\/page"}],"author":[{"embeddable":true,"href":"https:\/\/peadvisor.com\/pt-pt\/wp-json\/wp\/v2\/users\/1"}],"replies":[{"embeddable":true,"href":"https:\/\/peadvisor.com\/pt-pt\/wp-json\/wp\/v2\/comments?post=377512"}],"version-history":[{"count":2,"href":"https:\/\/peadvisor.com\/pt-pt\/wp-json\/wp\/v2\/pages\/377512\/revisions"}],"predecessor-version":[{"id":377516,"href":"https:\/\/peadvisor.com\/pt-pt\/wp-json\/wp\/v2\/pages\/377512\/revisions\/377516"}],"wp:attachment":[{"href":"https:\/\/peadvisor.com\/pt-pt\/wp-json\/wp\/v2\/media?parent=377512"}],"curies":[{"name":"wp","href":"https:\/\/api.w.org\/{rel}","templated":true}]}}