{"id":377133,"date":"2022-11-21T12:12:38","date_gmt":"2022-11-21T12:12:38","guid":{"rendered":"https:\/\/peadvisor.com\/home-2\/"},"modified":"2025-07-28T11:17:42","modified_gmt":"2025-07-28T11:17:42","slug":"home-2","status":"publish","type":"page","link":"https:\/\/peadvisor.com\/pt-pt\/","title":{"rendered":"Home"},"content":{"rendered":"<p>[et_pb_section fb_built=&#8221;1&#8243; custom_padding_last_edited=&#8221;on|phone&#8221; admin_label=&#8221;Kraz Header &#8211; Grace &#8211; BG Image size:1900x911px&#8221; module_id=&#8221;kraz&#8221; module_class=&#8221;grace_header_kraz&#8221; _builder_version=&#8221;4.19.1&#8243; _module_preset=&#8221;default&#8221; background_enable_image=&#8221;off&#8221; background_video_mp4=&#8221;https:\/\/peadvisor.com\/wp-content\/uploads\/2022\/09\/slider-video-03-tranition.mp4&#8243; background_video_webm=&#8221;https:\/\/peadvisor.com\/wp-content\/uploads\/2022\/09\/slider-video-03-tranition.mp4&#8243; custom_margin=&#8221;-150px||||false|false&#8221; custom_padding=&#8221;310px||200px||false|false&#8221; custom_padding_tablet=&#8221;150px||150px||false|false&#8221; custom_padding_phone=&#8221;80px||80px||false|false&#8221; background_last_edited=&#8221;on|phone&#8221; background_image_phone=&#8221;https:\/\/peadvisor.com\/wp-content\/uploads\/2022\/09\/slider-02-mobile-02.png&#8221; background_enable_image_phone=&#8221;on&#8221; background_enable_video_mp4_phone=&#8221;off&#8221; background_enable_video_webm_phone=&#8221;off&#8221; custom_css_before=&#8221; content: %22%22;|| display: block;|| position: absolute;|| top: 0;|| left: 0;|| width: 100%;|| height: 100%;|| background-color: #000000;|| opacity: 0.2;|| z-index: 1;&#8221; collapsed=&#8221;on&#8221; global_colors_info=&#8221;{}&#8221;][et_pb_row admin_label=&#8221;Kraz Header &#8211; Grace &#8211; Row&#8221; _builder_version=&#8221;4.16&#8243; _module_preset=&#8221;default&#8221; global_colors_info=&#8221;{}&#8221;][et_pb_column type=&#8221;4_4&#8243; _builder_version=&#8221;4.16&#8243; _module_preset=&#8221;default&#8221; global_colors_info=&#8221;{}&#8221;][et_pb_cta title=&#8221;%22A velocidade do seu sucesso \u00e9 limitada apenas pela sua dedica\u00e7\u00e3o e pelo que est\u00e1 disposto a sacrificar%22 <br \/> <b>Nathan W. Morris<\/b>&#8221; button_url=&#8221;#approach&#8221; admin_label=&#8221;Kraz Header &#8211; Grace &#8211; Call To Action&#8221; _builder_version=&#8221;4.19.1&#8243; _module_preset=&#8221;default&#8221; header_font=&#8221;Noto Serif KR|300|||||||&#8221; header_text_color=&#8221;#FFFFFF&#8221; header_font_size=&#8221;50px&#8221; header_line_height=&#8221;120%&#8221; body_font=&#8221;Noto Serif KR|300||on|||||&#8221; body_text_color=&#8221;#FFFFFF&#8221; body_font_size=&#8221;20px&#8221; body_letter_spacing=&#8221;1px&#8221; body_line_height=&#8221;150%&#8221; use_background_color=&#8221;off&#8221; custom_button=&#8221;on&#8221; button_text_size=&#8221;20px&#8221; button_text_color=&#8221;#FFFFFF&#8221; button_bg_color=&#8221;rgba(255,255,255,0)&#8221; button_border_width=&#8221;1px&#8221; button_border_color=&#8221;rgba(255,255,255,0.6)&#8221; button_border_radius=&#8221;0px&#8221; button_font=&#8221;Poppins|300||on|||||&#8221; button_use_icon=&#8221;off&#8221; button_custom_margin=&#8221;35px||||false|false&#8221; button_custom_padding=&#8221;12px|60px|12px|60px|true|true&#8221; button_custom_padding_tablet=&#8221;12px|50px|12px|50px|true|true&#8221; button_custom_padding_phone=&#8221;&#8221; button_custom_padding_last_edited=&#8221;on|tablet&#8221; max_width=&#8221;1070px&#8221; module_alignment=&#8221;center&#8221; custom_padding_tablet=&#8221;&#8221; custom_padding_phone=&#8221;220px||60px||false|false&#8221; custom_padding_last_edited=&#8221;on|phone&#8221; header_font_size_tablet=&#8221;42px&#8221; header_font_size_phone=&#8221;22px&#8221; header_font_size_last_edited=&#8221;on|phone&#8221; body_font_size_tablet=&#8221;20px&#8221; body_font_size_phone=&#8221;14px&#8221; body_font_size_last_edited=&#8221;on|phone&#8221; custom_css_before=&#8221;content: %22%22;|| display: block;|| width: 73px;|| height: 3px;|| background-color: #fff;|| margin: 0 auto 18px;&#8221; custom_css_promo_title=&#8221;padding-bottom: 55px;||font-weight:400;&#8221; global_colors_info=&#8221;{}&#8221; button_bg_color__hover_enabled=&#8221;on|desktop&#8221; button_bg_color__hover=&#8221;#FFFFFF&#8221; button_bg_enable_color__hover=&#8221;on&#8221; button_text_color__hover_enabled=&#8221;on|hover&#8221; button_text_color__hover=&#8221;#000000&#8243;]<\/p>\n<p>Private Equity Advisory<\/p>\n<p>[\/et_pb_cta][\/et_pb_column][\/et_pb_row][\/et_pb_section][et_pb_section fb_built=&#8221;1&#8243; custom_padding_last_edited=&#8221;on|tablet&#8221; admin_label=&#8221;Drive Footer &#8211; Grace&#8221; module_id=&#8221;contacts&#8221; module_class=&#8221;grace_footers_drive grace_footers_drive_construction_v2&#8243; _builder_version=&#8221;4.18.0&#8243; _module_preset=&#8221;default&#8221; background_color=&#8221;#375b6d&#8221; custom_padding=&#8221;75px||||false|false&#8221; custom_padding_tablet=&#8221;30px||0px||false|false&#8221; custom_padding_phone=&#8221;||||false|false&#8221; global_module=&#8221;377136&#8243; locked=&#8221;off&#8221; collapsed=&#8221;on&#8221; global_colors_info=&#8221;{}&#8221;][et_pb_row column_structure=&#8221;3_5,2_5&#8243; custom_padding_last_edited=&#8221;on|tablet&#8221; admin_label=&#8221;Drive Footer &#8211; Grace &#8211; Row&#8221; _builder_version=&#8221;4.16&#8243; _module_preset=&#8221;default&#8221; width=&#8221;90%&#8221; max_width=&#8221;1170px&#8221; custom_padding_tablet=&#8221;||0px||false|false&#8221; custom_padding_phone=&#8221;||0px||false|false&#8221; global_colors_info=&#8221;{}&#8221;][et_pb_column type=&#8221;3_5&#8243; _builder_version=&#8221;4.16&#8243; _module_preset=&#8221;default&#8221; global_colors_info=&#8221;{}&#8221;][et_pb_text admin_label=&#8221;Aching  Content &#8211; Grace &#8211; Text &#8211; Engineering your dreams with us&#8221; _builder_version=&#8221;4.19.1&#8243; _module_preset=&#8221;default&#8221; text_font=&#8221;Noto Serif|300||on|||||&#8221; text_text_color=&#8221;#FFFFFF&#8221; text_font_size=&#8221;15px&#8221; text_letter_spacing=&#8221;1px&#8221; text_line_height=&#8221;150%&#8221; custom_margin=&#8221;||14px||false|false&#8221; text_orientation_tablet=&#8221;&#8221; text_orientation_phone=&#8221;center&#8221; text_orientation_last_edited=&#8221;on|phone&#8221; global_colors_info=&#8221;{}&#8221;]<\/p>\n<p>Contactos<\/p>\n<p>[\/et_pb_text][et_pb_text admin_label=&#8221;Drive Footer &#8211; Grace &#8211; Text &#8211; Construction you can count on&#8221; _builder_version=&#8221;4.19.1&#8243; _module_preset=&#8221;default&#8221; text_font=&#8221;Noto Serif KR|300|||||||&#8221; text_text_color=&#8221;#ffffff&#8221; text_font_size=&#8221;34px&#8221; text_line_height=&#8221;120%&#8221; custom_margin=&#8221;||0px||false|false&#8221; text_font_size_tablet=&#8221;24px&#8221; text_font_size_phone=&#8221;30px&#8221; text_font_size_last_edited=&#8221;on|desktop&#8221; text_orientation_tablet=&#8221;&#8221; text_orientation_phone=&#8221;center&#8221; text_orientation_last_edited=&#8221;on|phone&#8221; global_colors_info=&#8221;{}&#8221;]<\/p>\n<p>Fale connosco<\/p>\n<p>[\/et_pb_text][\/et_pb_column][et_pb_column type=&#8221;2_5&#8243; _builder_version=&#8221;4.16&#8243; _module_preset=&#8221;default&#8221; global_colors_info=&#8221;{}&#8221;][\/et_pb_column][\/et_pb_row][et_pb_row column_structure=&#8221;1_2,1_2&#8243; admin_label=&#8221;Drive Footer &#8211; Grace &#8211; Row&#8221; _builder_version=&#8221;4.16&#8243; _module_preset=&#8221;default&#8221; width=&#8221;90%&#8221; max_width=&#8221;1170px&#8221; global_colors_info=&#8221;{}&#8221; body_link_text_color__hover=&#8221;#fafafa&#8221; body_link_text_color__hover_enabled=&#8221;on|hover&#8221;][et_pb_column type=&#8221;1_2&#8243; _builder_version=&#8221;4.16&#8243; _module_preset=&#8221;default&#8221; global_colors_info=&#8221;{}&#8221;][et_pb_blurb title=&#8221;Contactos&#8221; content_max_width=&#8221;100%&#8221; content_tablet=&#8221;&#8221; content_phone=&#8221;<\/p>\n<p><span style=%22color: #ffffff;%22>Email Us:<\/span><\/p>\n<p><span style=%22color: #ffffff;%22><a href=%22mailto:srocha@peadvisor.com%22 data-et-target-link=%22_blank%22 rel=%22noopener noreferrer%22 style=%22color: #ffffff;%22>srocha@peadvisor.com<\/a><\/span><\/p>\n<p><span style=%22color: #ffffff;%22>Call Us:<\/span><\/p>\n<p><span style=%22color: #ffffff;%22><a href=%22tel:962788660%22 data-et-target-link=%22_blank%22 rel=%22noopener noreferrer%22 style=%22color: #ffffff;%22>+351 962 788 660<\/a> | <a href=%22tel:849505835%22 data-et-target-link=%22_blank%22 rel=%22noopener noreferrer%22 style=%22color: #ffffff;%22>+258 849 505 835<\/a><\/span><\/p>\n<p>&#8221; content_last_edited=&#8221;on|desktop&#8221; admin_label=&#8221;Drive Footer &#8211; Grace &#8211; Contact&#8221; _builder_version=&#8221;4.27.4&#8243; _module_preset=&#8221;default&#8221; header_font=&#8221;Noto Serif KR|300||on|||||&#8221; header_text_color=&#8221;#ffffff&#8221; header_font_size=&#8221;15px&#8221; header_letter_spacing=&#8221;1px&#8221; header_line_height=&#8221;120%&#8221; body_font=&#8221;Noto Serif KR|200|||||||&#8221; body_text_color=&#8221;#ffffff&#8221; body_line_height=&#8221;20px&#8221; body_link_font=&#8221;Barlow||||||||&#8221; body_link_text_color=&#8221;#999999&#8243; body_link_font_size=&#8221;16px&#8221; hover_enabled=&#8221;0&#8243; header_text_align_tablet=&#8221;&#8221; header_text_align_phone=&#8221;center&#8221; header_text_align_last_edited=&#8221;on|phone&#8221; body_text_align_tablet=&#8221;&#8221; body_text_align_phone=&#8221;center&#8221; body_text_align_last_edited=&#8221;on|phone&#8221; global_colors_info=&#8221;{}&#8221; body_link_text_color__hover_enabled=&#8221;on|desktop&#8221; body_link_text_color__hover=&#8221;#d7b994&#8243; sticky_enabled=&#8221;0&#8243;]<\/p>\n<p><span style=\"color: #ffffff;\">Email:\u00a0<\/span><\/p>\n<p><span style=\"color: #ffffff;\"><a href=\"mailto:srocha@peadvisor.com\" target=\"_blank\" rel=\"noopener noreferrer\" style=\"color: #ffffff;\">srocha@peadvisor.com<\/a><\/span><\/p>\n<p><span style=\"color: #ffffff;\">Telefone:<\/span><\/p>\n<p><span style=\"color: #ffffff;\"><a href=\"tel:849505835\" target=\"_blank\" rel=\"noopener noreferrer\" style=\"color: #ffffff;\">+258 849 505 835<\/a><a href=\"tel:962788660\" target=\"_blank\" rel=\"noopener noreferrer\" style=\"color: #ffffff;\">\u00a0<br \/>+351\u00a0962 788 660<\/a> \u00a0<\/span><\/p>\n<p>[\/et_pb_blurb][\/et_pb_column][et_pb_column type=&#8221;1_2&#8243; _builder_version=&#8221;4.16&#8243; _module_preset=&#8221;default&#8221; global_colors_info=&#8221;{}&#8221;][et_pb_blurb title=&#8221;Morada&#8221; content_max_width=&#8221;100%&#8221; admin_label=&#8221;Drive Footer &#8211; Grace &#8211; Address&#8221; _builder_version=&#8221;4.19.1&#8243; _module_preset=&#8221;default&#8221; header_font=&#8221;Noto Serif KR|300||on|||||&#8221; header_text_color=&#8221;#ffffff&#8221; header_font_size=&#8221;15px&#8221; header_letter_spacing=&#8221;1px&#8221; header_line_height=&#8221;120%&#8221; body_font=&#8221;Noto Serif KR|200|||||||&#8221; body_text_color=&#8221;#ffffff&#8221; body_font_size=&#8221;15px&#8221; body_line_height=&#8221;25px&#8221; body_link_font=&#8221;Barlow||||||||&#8221; body_link_text_color=&#8221;#999999&#8243; body_link_font_size=&#8221;16px&#8221; header_text_align_tablet=&#8221;&#8221; header_text_align_phone=&#8221;center&#8221; header_text_align_last_edited=&#8221;on|phone&#8221; body_text_align_tablet=&#8221;&#8221; body_text_align_phone=&#8221;center&#8221; body_text_align_last_edited=&#8221;on|phone&#8221; global_colors_info=&#8221;{}&#8221; body_link_text_color__hover_enabled=&#8221;on|desktop&#8221; body_link_text_color__hover=&#8221;#d7b994&#8243;]<\/p>\n<p><span>Rua Beijo da Mulata, n\u00ba 188<br \/>Maputo, Mo\u00e7ambique<\/span><\/p>\n<p>[\/et_pb_blurb][\/et_pb_column][\/et_pb_row][et_pb_row column_structure=&#8221;1_2,1_2&#8243; admin_label=&#8221;Drive Footer &#8211; Grace &#8211; Row&#8221; _builder_version=&#8221;4.16&#8243; _module_preset=&#8221;default&#8221; width=&#8221;90%&#8221; max_width=&#8221;1170px&#8221; border_width_top=&#8221;1px&#8221; border_color_top=&#8221;#FFFFFF&#8221; global_colors_info=&#8221;{}&#8221;][et_pb_column type=&#8221;1_2&#8243; _builder_version=&#8221;4.16&#8243; _module_preset=&#8221;default&#8221; global_colors_info=&#8221;{}&#8221;][et_pb_text admin_label=&#8221;Drive Footer &#8211; Grace &#8211; Copyright \u00a9&#8221; _builder_version=&#8221;4.27.4&#8243; _module_preset=&#8221;default&#8221; text_font=&#8221;Noto Serif KR|200|||||||&#8221; text_text_color=&#8221;#ffffff&#8221; hover_enabled=&#8221;0&#8243; text_orientation_tablet=&#8221;right&#8221; text_orientation_phone=&#8221;center&#8221; text_orientation_last_edited=&#8221;on|phone&#8221; global_colors_info=&#8221;{}&#8221; sticky_enabled=&#8221;0&#8243;]<\/p>\n<p><a href=\"https:\/\/peadvisor.com\/pt-pt\/politica-de-privacidade\/\" target=\"_blank\" rel=\"noopener\">Pol\u00edtica de Privacidade<\/a> I <a href=\"https:\/\/peadvisor.com\/pt-pt\/politica-de-cookies\/\" target=\"_blank\" rel=\"noopener\">Pol\u00edtica de Cookies<\/a> I <a href=\"https:\/\/peadvisor.com\/pt-pt\/centro-de-arbitragem\/\" target=\"_blank\" rel=\"noopener\">Centro de Arbitragem<\/a>\u00a0<\/p>\n<p>[\/et_pb_text][\/et_pb_column][et_pb_column type=&#8221;1_2&#8243; _builder_version=&#8221;4.16&#8243; _module_preset=&#8221;default&#8221; global_colors_info=&#8221;{}&#8221;][et_pb_text admin_label=&#8221;Drive Footer &#8211; Grace &#8211; Copyright \u00a9&#8221; _builder_version=&#8221;4.19.2&#8243; _module_preset=&#8221;default&#8221; text_font=&#8221;Noto Serif KR|200|||||||&#8221; text_text_color=&#8221;#ffffff&#8221; text_orientation=&#8221;right&#8221; text_orientation_tablet=&#8221;right&#8221; text_orientation_phone=&#8221;center&#8221; text_orientation_last_edited=&#8221;on|phone&#8221; global_colors_info=&#8221;{}&#8221;]<\/p>\n<p><span>SR| PE Advisory | Todos os direitos reservados<\/span><br \/><span>Design e desenvolvimento por\u00a0<strong><a href=\"https:\/\/bestsites.pt\/\" target=\"_blank\" rel=\"noopener\">Bestsites.pt<\/a><\/strong><\/span><\/p>\n<p>[\/et_pb_text][\/et_pb_column][\/et_pb_row][\/et_pb_section]<\/p>\n","protected":false},"excerpt":{"rendered":"<p>Private Equity AdvisoryContactosFale connoscoEmail:\u00a0 srocha@peadvisor.com Telefone: +258 849 505 835\u00a0+351\u00a0962 788 660 \u00a0Rua Beijo da Mulata, n\u00ba 188Maputo, Mo\u00e7ambiquePol\u00edtica de Privacidade I Pol\u00edtica de Cookies I Centro de Arbitragem\u00a0SR| PE Advisory | Todos os direitos reservadosDesign e desenvolvimento por\u00a0Bestsites.pt<\/p>\n","protected":false},"author":1,"featured_media":0,"parent":0,"menu_order":0,"comment_status":"closed","ping_status":"closed","template":"","meta":{"_et_pb_use_builder":"on","_et_pb_old_content":"","_et_gb_content_width":"","footnotes":""},"class_list":["post-377133","page","type-page","status-publish","hentry"],"yoast_head":"<!-- This site is optimized with the Yoast SEO plugin v25.5 - https:\/\/yoast.com\/wordpress\/plugins\/seo\/ -->\n<title>Home - peadvisor.com<\/title>\n<meta name=\"description\" content=\"Founded in 2018, SR Private Equity Advisory is an advisory boutique focused on Private Equity Transactions and Financial Advisory Services in Mozambique.\" \/>\n<meta name=\"robots\" content=\"index, follow, max-snippet:-1, max-image-preview:large, max-video-preview:-1\" \/>\n<link rel=\"canonical\" href=\"https:\/\/peadvisor.com\/pt-pt\/\" \/>\n<meta property=\"og:locale\" content=\"pt_PT\" \/>\n<meta property=\"og:type\" content=\"article\" \/>\n<meta property=\"og:title\" content=\"Home - peadvisor.com\" \/>\n<meta property=\"og:description\" content=\"Founded in 2018, SR Private Equity Advisory is an advisory boutique focused on Private Equity Transactions and Financial Advisory Services in Mozambique.\" \/>\n<meta property=\"og:url\" content=\"https:\/\/peadvisor.com\/pt-pt\/\" \/>\n<meta property=\"og:site_name\" content=\"peadvisor.com\" \/>\n<meta property=\"article:modified_time\" content=\"2025-07-28T11:17:42+00:00\" \/>\n<meta name=\"twitter:card\" content=\"summary_large_image\" \/>\n<meta name=\"twitter:label1\" content=\"Tempo estimado de leitura\" \/>\n\t<meta name=\"twitter:data1\" content=\"6 minutos\" \/>\n<script type=\"application\/ld+json\" class=\"yoast-schema-graph\">{\"@context\":\"https:\/\/schema.org\",\"@graph\":[{\"@type\":\"WebPage\",\"@id\":\"https:\/\/peadvisor.com\/pt-pt\/\",\"url\":\"https:\/\/peadvisor.com\/pt-pt\/\",\"name\":\"Home - peadvisor.com\",\"isPartOf\":{\"@id\":\"https:\/\/peadvisor.com\/#website\"},\"datePublished\":\"2022-11-21T12:12:38+00:00\",\"dateModified\":\"2025-07-28T11:17:42+00:00\",\"description\":\"Founded in 2018, SR Private Equity Advisory is an advisory boutique focused on Private Equity Transactions and Financial Advisory Services in Mozambique.\",\"breadcrumb\":{\"@id\":\"https:\/\/peadvisor.com\/pt-pt\/#breadcrumb\"},\"inLanguage\":\"pt-PT\",\"potentialAction\":[{\"@type\":\"ReadAction\",\"target\":[\"https:\/\/peadvisor.com\/pt-pt\/\"]}]},{\"@type\":\"BreadcrumbList\",\"@id\":\"https:\/\/peadvisor.com\/pt-pt\/#breadcrumb\",\"itemListElement\":[{\"@type\":\"ListItem\",\"position\":1,\"name\":\"Home\",\"item\":\"https:\/\/peadvisor.com\/pt-pt\/\"},{\"@type\":\"ListItem\",\"position\":2,\"name\":\"Home\"}]},{\"@type\":\"WebSite\",\"@id\":\"https:\/\/peadvisor.com\/#website\",\"url\":\"https:\/\/peadvisor.com\/\",\"name\":\"peadvisor.com\",\"description\":\"PRIVATE EQUITY ADVISORY\",\"publisher\":{\"@id\":\"https:\/\/peadvisor.com\/#organization\"},\"potentialAction\":[{\"@type\":\"SearchAction\",\"target\":{\"@type\":\"EntryPoint\",\"urlTemplate\":\"https:\/\/peadvisor.com\/?s={search_term_string}\"},\"query-input\":{\"@type\":\"PropertyValueSpecification\",\"valueRequired\":true,\"valueName\":\"search_term_string\"}}],\"inLanguage\":\"pt-PT\"},{\"@type\":\"Organization\",\"@id\":\"https:\/\/peadvisor.com\/#organization\",\"name\":\"peadvisor.com\",\"url\":\"https:\/\/peadvisor.com\/\",\"logo\":{\"@type\":\"ImageObject\",\"inLanguage\":\"pt-PT\",\"@id\":\"https:\/\/peadvisor.com\/#\/schema\/logo\/image\/\",\"url\":\"https:\/\/peadvisor.com\/wp-content\/uploads\/2022\/11\/pea21.png\",\"contentUrl\":\"https:\/\/peadvisor.com\/wp-content\/uploads\/2022\/11\/pea21.png\",\"width\":500,\"height\":155,\"caption\":\"peadvisor.com\"},\"image\":{\"@id\":\"https:\/\/peadvisor.com\/#\/schema\/logo\/image\/\"}}]}<\/script>\n<!-- \/ Yoast SEO plugin. -->","yoast_head_json":{"title":"Home - peadvisor.com","description":"Founded in 2018, SR Private Equity Advisory is an advisory boutique focused on Private Equity Transactions and Financial Advisory Services in Mozambique.","robots":{"index":"index","follow":"follow","max-snippet":"max-snippet:-1","max-image-preview":"max-image-preview:large","max-video-preview":"max-video-preview:-1"},"canonical":"https:\/\/peadvisor.com\/pt-pt\/","og_locale":"pt_PT","og_type":"article","og_title":"Home - peadvisor.com","og_description":"Founded in 2018, SR Private Equity Advisory is an advisory boutique focused on Private Equity Transactions and Financial Advisory Services in Mozambique.","og_url":"https:\/\/peadvisor.com\/pt-pt\/","og_site_name":"peadvisor.com","article_modified_time":"2025-07-28T11:17:42+00:00","twitter_card":"summary_large_image","twitter_misc":{"Tempo estimado de leitura":"6 minutos"},"schema":{"@context":"https:\/\/schema.org","@graph":[{"@type":"WebPage","@id":"https:\/\/peadvisor.com\/pt-pt\/","url":"https:\/\/peadvisor.com\/pt-pt\/","name":"Home - peadvisor.com","isPartOf":{"@id":"https:\/\/peadvisor.com\/#website"},"datePublished":"2022-11-21T12:12:38+00:00","dateModified":"2025-07-28T11:17:42+00:00","description":"Founded in 2018, SR Private Equity Advisory is an advisory boutique focused on Private Equity Transactions and Financial Advisory Services in Mozambique.","breadcrumb":{"@id":"https:\/\/peadvisor.com\/pt-pt\/#breadcrumb"},"inLanguage":"pt-PT","potentialAction":[{"@type":"ReadAction","target":["https:\/\/peadvisor.com\/pt-pt\/"]}]},{"@type":"BreadcrumbList","@id":"https:\/\/peadvisor.com\/pt-pt\/#breadcrumb","itemListElement":[{"@type":"ListItem","position":1,"name":"Home","item":"https:\/\/peadvisor.com\/pt-pt\/"},{"@type":"ListItem","position":2,"name":"Home"}]},{"@type":"WebSite","@id":"https:\/\/peadvisor.com\/#website","url":"https:\/\/peadvisor.com\/","name":"peadvisor.com","description":"PRIVATE EQUITY ADVISORY","publisher":{"@id":"https:\/\/peadvisor.com\/#organization"},"potentialAction":[{"@type":"SearchAction","target":{"@type":"EntryPoint","urlTemplate":"https:\/\/peadvisor.com\/?s={search_term_string}"},"query-input":{"@type":"PropertyValueSpecification","valueRequired":true,"valueName":"search_term_string"}}],"inLanguage":"pt-PT"},{"@type":"Organization","@id":"https:\/\/peadvisor.com\/#organization","name":"peadvisor.com","url":"https:\/\/peadvisor.com\/","logo":{"@type":"ImageObject","inLanguage":"pt-PT","@id":"https:\/\/peadvisor.com\/#\/schema\/logo\/image\/","url":"https:\/\/peadvisor.com\/wp-content\/uploads\/2022\/11\/pea21.png","contentUrl":"https:\/\/peadvisor.com\/wp-content\/uploads\/2022\/11\/pea21.png","width":500,"height":155,"caption":"peadvisor.com"},"image":{"@id":"https:\/\/peadvisor.com\/#\/schema\/logo\/image\/"}}]}},"_links":{"self":[{"href":"https:\/\/peadvisor.com\/pt-pt\/wp-json\/wp\/v2\/pages\/377133","targetHints":{"allow":["GET"]}}],"collection":[{"href":"https:\/\/peadvisor.com\/pt-pt\/wp-json\/wp\/v2\/pages"}],"about":[{"href":"https:\/\/peadvisor.com\/pt-pt\/wp-json\/wp\/v2\/types\/page"}],"author":[{"embeddable":true,"href":"https:\/\/peadvisor.com\/pt-pt\/wp-json\/wp\/v2\/users\/1"}],"replies":[{"embeddable":true,"href":"https:\/\/peadvisor.com\/pt-pt\/wp-json\/wp\/v2\/comments?post=377133"}],"version-history":[{"count":8,"href":"https:\/\/peadvisor.com\/pt-pt\/wp-json\/wp\/v2\/pages\/377133\/revisions"}],"predecessor-version":[{"id":377578,"href":"https:\/\/peadvisor.com\/pt-pt\/wp-json\/wp\/v2\/pages\/377133\/revisions\/377578"}],"wp:attachment":[{"href":"https:\/\/peadvisor.com\/pt-pt\/wp-json\/wp\/v2\/media?parent=377133"}],"curies":[{"name":"wp","href":"https:\/\/api.w.org\/{rel}","templated":true}]}}